{"id":2,"date":"2015-06-02T14:41:48","date_gmt":"2015-06-02T12:41:48","guid":{"rendered":""},"modified":"2017-04-08T02:01:46","modified_gmt":"2017-04-08T00:01:46","slug":"beispiel-seite","status":"publish","type":"page","link":"https:\/\/www.derstadel.at\/","title":{"rendered":"B\u00e4uerliche Gebrauchsarchitektur im Wandel der Zeit"},"content":{"rendered":"<p align=\"center\"><strong><span style=\"font-family: Liberation Sans,sans-serif;\"><span style=\"font-size: large;\">Eine crossmediale Anna\u0308herung <\/span><\/span><\/strong><\/p>\n<p style=\"text-align: justify;\"><span style=\"font-family: ArialMT;\"><span style=\"font-size: xx-small;\"><span style=\"font-family: Arial,sans-serif;\"><span style=\"font-size: medium;\"><img loading=\"lazy\" class=\"alignright wp-image-11 size-medium\" src=\"http:\/\/www.derstadel.at\/wp-content\/uploads\/2015\/06\/Hollerstadel_Elsern-300x169.jpg\" sizes=\"(max-width: 300px) 85vw, 300px\" srcset=\"http:\/\/www.derstadel.at\/wp-content\/uploads\/2015\/06\/Hollerstadel_Elsern-300x169.jpg 300w, http:\/\/www.derstadel.at\/wp-content\/uploads\/2015\/06\/Hollerstadel_Elsern-1024x576.jpg 1024w\" alt=\"hollerstadel\" width=\"300\" height=\"169\" \/>\u00a0Seit Urzeiten gilt der Stadel als das Symbol ba\u0308uerlichen Schaffens, in der Landschaft<\/span><\/span><\/span><\/span><span style=\"font-family: ArialMT;\"><span style=\"font-size: xx-small;\"><span style=\"font-family: Arial,sans-serif;\"><span style=\"font-size: medium;\">. <\/span><\/span><span style=\"font-family: Arial,sans-serif;\"><span style=\"font-size: medium;\">A<\/span><\/span><span style=\"font-family: Arial,sans-serif;\"><span style=\"font-size: medium;\">ls <\/span><\/span><\/span><\/span><span style=\"font-family: ArialMT;\"><span style=\"font-size: xx-small;\"><span style=\"font-family: Arial,sans-serif;\"><span style=\"font-size: medium;\">Vorratsspeicher, oder Gera\u0308teschuppen, als <\/span><\/span><span style=\"font-family: Arial,sans-serif;\"><span style=\"font-size: medium;\">W<\/span><\/span><span style=\"font-family: Arial,sans-serif;\"><span style=\"font-size: medium;\">erksta\u0308tte, Unter<\/span><\/span><\/span><\/span><span style=\"font-family: ArialMT;\"><span style=\"font-size: xx-small;\"><span style=\"font-family: Arial,sans-serif;\"><span style=\"font-size: medium;\">stand oder<\/span><\/span>\u00a0 <span style=\"font-family: Arial,sans-serif;\"><span style=\"font-size: medium;\">Rastplatz, erfu\u0308llt er auch heute noch eine Vielzahl von arbeitsfo\u0308rdernden Funktionen rund ums agrarische Wirken. Er gibt Zeugnis technologischer Entwicklungen, die ba\u0308uerlicher Erfindungsgeist im Einklang mit der Natur u\u0308ber die Jahrhunderte hervorgebracht hat. Gleichzeitig steht er fu\u0308r regionaltypische Urformen ba\u0308uerlicher Werkskultur, fu\u0308r das kreative, menschliche Gesicht welches in der beackerten Natur Zweckma\u0308\u00dfigkeit hinterla\u0308sst.\u00a0<\/span><\/span><\/span><\/span><\/p>\n<p style=\"text-align: justify;\">\u00a0<span style=\"font-family: Arial,sans-serif;\"><span style=\"font-size: medium;\">Wie viele dieser Exponate <\/span><\/span><span style=\"font-family: ArialMT;\"><span style=\"font-size: xx-small;\"><span style=\"font-family: Arial,sans-serif;\"><span style=\"font-size: medium;\"><a href=\"http:\/\/www.derstadel.at\/wp-content\/uploads\/2015\/06\/IMG_0106.jpg\"><img loading=\"lazy\" class=\" size-medium wp-image-7 alignright\" src=\"http:\/\/www.derstadel.at\/wp-content\/uploads\/2015\/06\/IMG_0106-300x169.jpg\" sizes=\"(max-width: 300px) 85vw, 300px\" srcset=\"http:\/\/www.derstadel.at\/wp-content\/uploads\/2015\/06\/IMG_0106-300x169.jpg 300w, http:\/\/www.derstadel.at\/wp-content\/uploads\/2015\/06\/IMG_0106-1024x576.jpg 1024w\" alt=\"IMG_0106\" width=\"300\" height=\"169\" \/><\/a><\/span><\/span><\/span><\/span><span style=\"font-family: Arial,sans-serif;\"><span style=\"font-size: medium;\">ba\u0308uerlicher Arbeitsgeschichte Jahr fu\u0308r Jahr und <\/span><\/span><span style=\"font-family: Arial,sans-serif;\"><span style=\"font-size: medium;\">Zentimeter fu\u0308r Zentimeter in sich zusammenschrumpfen, bis die N<\/span><\/span><span style=\"font-family: Arial,sans-serif;\"><span style=\"font-size: medium;\">atur den Verfall besiegelt, wie viele Stadel einfach verschwinden weil sie Platz machen mu\u0308ssen, z.B. fu\u0308r die neue Maschinenhalle<\/span><\/span><span style=\"font-family: Arial,sans-serif;\"><span style=\"font-size: medium;\">, ist unabza\u0308hlbar. Doch <\/span><\/span><span style=\"font-family: ArialMT;\"><span style=\"font-size: xx-small;\"><span style=\"font-family: Arial,sans-serif;\"><span style=\"font-size: medium;\"><a href=\"http:\/\/www.derstadel.at\/wp-content\/uploads\/2015\/06\/IMG_0110.jpg\"><img loading=\"lazy\" class=\" size-medium wp-image-8 alignleft\" src=\"http:\/\/www.derstadel.at\/wp-content\/uploads\/2015\/06\/IMG_0110-300x169.jpg\" sizes=\"(max-width: 300px) 85vw, 300px\" srcset=\"http:\/\/www.derstadel.at\/wp-content\/uploads\/2015\/06\/IMG_0110-300x169.jpg 300w, http:\/\/www.derstadel.at\/wp-content\/uploads\/2015\/06\/IMG_0110-1024x576.jpg 1024w\" alt=\"IMG_0110\" width=\"300\" height=\"169\" \/><\/a><\/span><\/span><\/span><\/span><span style=\"font-family: Arial,sans-serif;\"><span style=\"font-size: medium;\">nicht immer besiegelt <\/span><\/span><span style=\"font-family: Arial,sans-serif;\"><span style=\"font-size: medium;\">Verfall das Ende. Ku\u0308nstler, Architekten, Kreative, <\/span><\/span><span style=\"font-family: Arial,sans-serif;\"><span style=\"font-size: medium;\">Gastronomen,&#8230; be<\/span><\/span><span style=\"font-family: Arial,sans-serif;\"><span style=\"font-size: medium;\">sinnen sich der Vorzu\u0308ge des Stadels, entwic<\/span><\/span><span style=\"font-family: Arial,sans-serif;\"><span style=\"font-size: medium;\">keln neue Nutzungsformen, ko<\/span><\/span><span style=\"font-family: Arial,sans-serif;\"><span style=\"font-size: medium;\">nzipieren Gebrauchsstrukturen am Puls der Zeit, an den Bedu\u0308rfnissen des Lebens in der Gegenwart.\u00a0<\/span><\/span><\/p>\n<p style=\"text-align: justify;\"><span style=\"font-family: Arial,sans-serif;\"><span style=\"font-size: medium;\">Mit seiner Kamera begibt sich de<\/span><\/span><span style=\"font-family: Arial,sans-serif;\"><span style=\"font-size: medium;\">r Journalist und Filmemacher Gerald Kofler auf eine Entdeckungsreise, durchs l\u00e4ndliche \u00d6sterreich, zu den scho\u0308nsten Exponaten ba\u0308uerlicher Gebrauchsarchitektur, ihrer Geschichte und ihrer Funktion in der <a href=\"http:\/\/www.derstadel.at\/wp-content\/uploads\/2015\/06\/IMG_1598.jpg\"><img loading=\"lazy\" class=\" wp-image-6 alignright\" src=\"http:\/\/www.derstadel.at\/wp-content\/uploads\/2015\/06\/IMG_1598-225x300.jpg\" alt=\"IMG_1598\" width=\"257\" height=\"348\" \/><\/a>Gegenwart. Die Ergebnisse Seines Zuges durch das la\u0308ndliche O\u0308sterreich verpackt er in einen Viedeoblog, der die scho\u0308nsten Eindru\u0308cke zum Thema festh\u00e4lt. <\/span><\/span><span style=\"font-family: Arial,sans-serif;\"><span style=\"font-size: medium;\">Nicht nur Stadelbesitzer, sondern auch fachkundige Wissenschaftler, Architekten, Bauherrn, etc. werden auf der Plattform eine M\u00f6glichkeit finden, ihre Pl\u00e4ne, ihre Expertise, ihr oft in der Schublade dahin schlummerndes Wissen einem an der Sache interessierten For<\/span><\/span><span style=\"font-family: Arial,sans-serif;\"><span style=\"font-size: medium;\">um zu vermitteln. <\/span><\/span><span style=\"font-family: Arial,sans-serif;\"><span style=\"font-size: medium;\">Zudem wird der Anreiz geboten, auf Entdeckungsreise zu gehen, Theater- Kr\u00e4uter- Schmankerstadel zu besuchen oder einfach auf den Spuren b\u00e4uerlicher Zeitgeschichte zu wandeln und den zweckm\u00e4\u00dfigen Erfindungsreichtum zu bestaunen, den die agrarische Werkskultur vergangener Zeiten hinterlassen hat. Unterst\u00fctzt werden Sie dabei von modernster Mobiltechnologie, die Ihnen die notwendige Information und Orientierung vorab und vor Ort verf\u00fcgbar macht.<br \/>\n<\/span><\/span><\/p>\n<p>&nbsp;<\/p>\n","protected":false},"excerpt":{"rendered":"<p>Eine crossmediale Anna\u0308herung \u00a0Seit Urzeiten gilt der Stadel als das Symbol ba\u0308uerlichen Schaffens, in der Landschaft. Als Vorratsspeicher, oder Gera\u0308teschuppen, als Werksta\u0308tte, Unterstand oder\u00a0 Rastplatz, erfu\u0308llt er auch heute noch eine Vielzahl von arbeitsfo\u0308rdernden Funktionen rund ums agrarische Wirken. Er gibt Zeugnis technologischer Entwicklungen, die ba\u0308uerlicher Erfindungsgeist im Einklang mit der Natur u\u0308ber die Jahrhunderte &hellip; <a href=\"https:\/\/www.derstadel.at\/\" class=\"more-link\"><span class=\"screen-reader-text\">&#8222;B\u00e4uerliche Gebrauchsarchitektur im Wandel der Zeit&#8220; <\/span>weiterlesen<\/a><\/p>\n","protected":false},"author":1,"featured_media":0,"parent":0,"menu_order":1,"comment_status":"closed","ping_status":"open","template":"","meta":[],"_links":{"self":[{"href":"https:\/\/www.derstadel.at\/index.php?rest_route=\/wp\/v2\/pages\/2"}],"collection":[{"href":"https:\/\/www.derstadel.at\/index.php?rest_route=\/wp\/v2\/pages"}],"about":[{"href":"https:\/\/www.derstadel.at\/index.php?rest_route=\/wp\/v2\/types\/page"}],"author":[{"embeddable":true,"href":"https:\/\/www.derstadel.at\/index.php?rest_route=\/wp\/v2\/users\/1"}],"replies":[{"embeddable":true,"href":"https:\/\/www.derstadel.at\/index.php?rest_route=%2Fwp%2Fv2%2Fcomments&post=2"}],"version-history":[{"count":17,"href":"https:\/\/www.derstadel.at\/index.php?rest_route=\/wp\/v2\/pages\/2\/revisions"}],"predecessor-version":[{"id":98,"href":"https:\/\/www.derstadel.at\/index.php?rest_route=\/wp\/v2\/pages\/2\/revisions\/98"}],"wp:attachment":[{"href":"https:\/\/www.derstadel.at\/index.php?rest_route=%2Fwp%2Fv2%2Fmedia&parent=2"}],"curies":[{"name":"wp","href":"https:\/\/api.w.org\/{rel}","templated":true}]}}